{"id":6769,"date":"2026-01-29T11:54:23","date_gmt":"2026-01-29T10:54:23","guid":{"rendered":"https:\/\/bubo-cybersec.com\/?page_id=6769"},"modified":"2026-01-29T15:09:40","modified_gmt":"2026-01-29T14:09:40","slug":"actualites","status":"publish","type":"page","link":"https:\/\/bubo-cybersec.com\/en\/actualites\/","title":{"rendered":"Actualit\u00e9s"},"content":{"rendered":"<p>[et_pb_section fb_built=\u00a0\u00bb1&Prime; _builder_version=\u00a0\u00bb4.16&Prime; background_color=\u00a0\u00bb#f7f7f7&Prime; global_colors_info=\u00a0\u00bb{}\u00a0\u00bb theme_builder_area=\u00a0\u00bbpost_content\u00a0\u00bb][et_pb_row _builder_version=\u00a0\u00bb4.16&Prime; background_size=\u00a0\u00bbinitial\u00a0\u00bb background_position=\u00a0\u00bbtop_left\u00a0\u00bb background_repeat=\u00a0\u00bbrepeat\u00a0\u00bb global_colors_info=\u00a0\u00bb{}\u00a0\u00bb theme_builder_area=\u00a0\u00bbpost_content\u00a0\u00bb][et_pb_column type=\u00a0\u00bb4_4&Prime; _builder_version=\u00a0\u00bb4.16&Prime; custom_padding=\u00a0\u00bb|||\u00a0\u00bb global_colors_info=\u00a0\u00bb{}\u00a0\u00bb custom_padding__hover=\u00a0\u00bb|||\u00a0\u00bb theme_builder_area=\u00a0\u00bbpost_content\u00a0\u00bb][et_pb_blog fullwidth=\u00a0\u00bboff\u00a0\u00bb posts_number=\u00a0\u00bb18&Prime; _builder_version=\u00a0\u00bb4.27.5&Prime; hover_enabled=\u00a0\u00bb0&Prime; global_colors_info=\u00a0\u00bb{}\u00a0\u00bb theme_builder_area=\u00a0\u00bbpost_content\u00a0\u00bb excerpt_length=\u00a0\u00bb50&Prime; meta_date=\u00a0\u00bbj M Y\u00a0\u00bb show_author=\u00a0\u00bboff\u00a0\u00bb show_categories=\u00a0\u00bboff\u00a0\u00bb show_more=\u00a0\u00bbon\u00a0\u00bb sticky_enabled=\u00a0\u00bb0&Prime;][\/et_pb_blog][\/et_pb_column][\/et_pb_row][\/et_pb_section]<\/p>\n","protected":false},"excerpt":{"rendered":"<p>Bubo Cybersec participe au GITEX Africa 2026 : cap sur Marrakech pour pr\u00e9senter les derni\u00e8res innovations Bubo365 10 Mar 2026&nbsp; Quelques jours seulement apr\u00e8s le Forum InCyber Europe \u00e0 Lille, Bubo Cybersec poursuit sa tourn\u00e9e tech internationale et se rendra au GITEX Africa 2026, l\u2019un des plus grands rendez-vous technologiques du continent.Retrouvez\u2011nous du 7&#8230;<\/p>","protected":false},"author":6,"featured_media":0,"parent":0,"menu_order":0,"comment_status":"closed","ping_status":"closed","template":"","meta":{"_acf_changed":false,"_et_pb_use_builder":"on","_et_pb_old_content":"","_et_gb_content_width":"","neve_meta_sidebar":"","neve_meta_container":"","neve_meta_enable_content_width":"","neve_meta_content_width":0,"neve_meta_title_alignment":"","neve_meta_author_avatar":"","neve_post_elements_order":"","neve_meta_disable_header":"","neve_meta_disable_footer":"","neve_meta_disable_title":"","_themeisle_gutenberg_block_has_review":false,"footnotes":""},"class_list":["post-6769","page","type-page","status-publish","hentry"],"acf":[],"yoast_head":"<!-- This site is optimized with the Yoast SEO plugin v27.5 - https:\/\/yoast.com\/product\/yoast-seo-wordpress\/ -->\n<title>Actualit\u00e9s - Bubo Cybersec, la cybers\u00e9curit\u00e9 pour tous<\/title>\n<meta name=\"robots\" content=\"index, follow, max-snippet:-1, max-image-preview:large, max-video-preview:-1\" \/>\n<link rel=\"canonical\" href=\"https:\/\/bubo-cybersec.com\/en\/actualites\/\" \/>\n<meta property=\"og:locale\" content=\"en_US\" \/>\n<meta property=\"og:type\" content=\"article\" \/>\n<meta property=\"og:title\" content=\"Actualit\u00e9s - Bubo Cybersec, la cybers\u00e9curit\u00e9 pour tous\" \/>\n<meta property=\"og:description\" content=\"Bubo Cybersec participe au GITEX Africa 2026 : cap sur Marrakech pour pr\u00e9senter les derni\u00e8res innovations Bubo365 10 Mar 2026&nbsp; Quelques jours seulement apr\u00e8s le Forum InCyber Europe \u00e0 Lille, Bubo Cybersec poursuit sa tourn\u00e9e tech internationale et se rendra au GITEX Africa 2026, l\u2019un des plus grands rendez-vous technologiques du continent.Retrouvez\u2011nous du 7...\" \/>\n<meta property=\"og:url\" content=\"https:\/\/bubo-cybersec.com\/en\/actualites\/\" \/>\n<meta property=\"og:site_name\" content=\"Bubo Cybersec, la cybers\u00e9curit\u00e9 pour tous\" \/>\n<meta property=\"article:modified_time\" content=\"2026-01-29T14:09:40+00:00\" \/>\n<meta name=\"twitter:card\" content=\"summary_large_image\" \/>\n<script type=\"application\/ld+json\" class=\"yoast-schema-graph\">{\"@context\":\"https:\\\/\\\/schema.org\",\"@graph\":[{\"@type\":\"WebPage\",\"@id\":\"https:\\\/\\\/bubo-cybersec.com\\\/actualites\\\/\",\"url\":\"https:\\\/\\\/bubo-cybersec.com\\\/actualites\\\/\",\"name\":\"Actualit\u00e9s - Bubo Cybersec, la cybers\u00e9curit\u00e9 pour tous\",\"isPartOf\":{\"@id\":\"https:\\\/\\\/bubo-cybersec.com\\\/#website\"},\"datePublished\":\"2026-01-29T10:54:23+00:00\",\"dateModified\":\"2026-01-29T14:09:40+00:00\",\"breadcrumb\":{\"@id\":\"https:\\\/\\\/bubo-cybersec.com\\\/actualites\\\/#breadcrumb\"},\"inLanguage\":\"en-US\",\"potentialAction\":[{\"@type\":\"ReadAction\",\"target\":[\"https:\\\/\\\/bubo-cybersec.com\\\/actualites\\\/\"]}]},{\"@type\":\"BreadcrumbList\",\"@id\":\"https:\\\/\\\/bubo-cybersec.com\\\/actualites\\\/#breadcrumb\",\"itemListElement\":[{\"@type\":\"ListItem\",\"position\":1,\"name\":\"Accueil\",\"item\":\"https:\\\/\\\/bubo-cybersec.com\\\/\"},{\"@type\":\"ListItem\",\"position\":2,\"name\":\"Actualit\u00e9s\"}]},{\"@type\":\"WebSite\",\"@id\":\"https:\\\/\\\/bubo-cybersec.com\\\/#website\",\"url\":\"https:\\\/\\\/bubo-cybersec.com\\\/\",\"name\":\"Bubo Cybersec, la cybers\u00e9curit\u00e9 pour tous\",\"description\":\"Des outils cl\u00e9s en main de cybers\u00e9curit\u00e9 pour les PME, ETI, collectivit\u00e9s, etc.\",\"publisher\":{\"@id\":\"https:\\\/\\\/bubo-cybersec.com\\\/#organization\"},\"potentialAction\":[{\"@type\":\"SearchAction\",\"target\":{\"@type\":\"EntryPoint\",\"urlTemplate\":\"https:\\\/\\\/bubo-cybersec.com\\\/?s={search_term_string}\"},\"query-input\":{\"@type\":\"PropertyValueSpecification\",\"valueRequired\":true,\"valueName\":\"search_term_string\"}}],\"inLanguage\":\"en-US\"},{\"@type\":\"Organization\",\"@id\":\"https:\\\/\\\/bubo-cybersec.com\\\/#organization\",\"name\":\"Bubo Cybersec, la cybers\u00e9curit\u00e9 pour tous\",\"url\":\"https:\\\/\\\/bubo-cybersec.com\\\/\",\"logo\":{\"@type\":\"ImageObject\",\"inLanguage\":\"en-US\",\"@id\":\"https:\\\/\\\/bubo-cybersec.com\\\/#\\\/schema\\\/logo\\\/image\\\/\",\"url\":\"https:\\\/\\\/bubo-cybersec.com\\\/wp-content\\\/uploads\\\/2020\\\/09\\\/cropped-Bubo-Cybersec-Sans-fond.png\",\"contentUrl\":\"https:\\\/\\\/bubo-cybersec.com\\\/wp-content\\\/uploads\\\/2020\\\/09\\\/cropped-Bubo-Cybersec-Sans-fond.png\",\"width\":1256,\"height\":443,\"caption\":\"Bubo Cybersec, la cybers\u00e9curit\u00e9 pour tous\"},\"image\":{\"@id\":\"https:\\\/\\\/bubo-cybersec.com\\\/#\\\/schema\\\/logo\\\/image\\\/\"},\"sameAs\":[\"https:\\\/\\\/www.linkedin.com\\\/company\\\/bubo-cybersec\\\/\"]}]}<\/script>\n<!-- \/ Yoast SEO plugin. -->","yoast_head_json":{"title":"Actualit\u00e9s - Bubo Cybersec, la cybers\u00e9curit\u00e9 pour tous","robots":{"index":"index","follow":"follow","max-snippet":"max-snippet:-1","max-image-preview":"max-image-preview:large","max-video-preview":"max-video-preview:-1"},"canonical":"https:\/\/bubo-cybersec.com\/en\/actualites\/","og_locale":"en_US","og_type":"article","og_title":"Actualit\u00e9s - Bubo Cybersec, la cybers\u00e9curit\u00e9 pour tous","og_description":"Bubo Cybersec participe au GITEX Africa 2026 : cap sur Marrakech pour pr\u00e9senter les derni\u00e8res innovations Bubo365 10 Mar 2026&nbsp; Quelques jours seulement apr\u00e8s le Forum InCyber Europe \u00e0 Lille, Bubo Cybersec poursuit sa tourn\u00e9e tech internationale et se rendra au GITEX Africa 2026, l\u2019un des plus grands rendez-vous technologiques du continent.Retrouvez\u2011nous du 7...","og_url":"https:\/\/bubo-cybersec.com\/en\/actualites\/","og_site_name":"Bubo Cybersec, la cybers\u00e9curit\u00e9 pour tous","article_modified_time":"2026-01-29T14:09:40+00:00","twitter_card":"summary_large_image","schema":{"@context":"https:\/\/schema.org","@graph":[{"@type":"WebPage","@id":"https:\/\/bubo-cybersec.com\/actualites\/","url":"https:\/\/bubo-cybersec.com\/actualites\/","name":"Actualit\u00e9s - Bubo Cybersec, la cybers\u00e9curit\u00e9 pour tous","isPartOf":{"@id":"https:\/\/bubo-cybersec.com\/#website"},"datePublished":"2026-01-29T10:54:23+00:00","dateModified":"2026-01-29T14:09:40+00:00","breadcrumb":{"@id":"https:\/\/bubo-cybersec.com\/actualites\/#breadcrumb"},"inLanguage":"en-US","potentialAction":[{"@type":"ReadAction","target":["https:\/\/bubo-cybersec.com\/actualites\/"]}]},{"@type":"BreadcrumbList","@id":"https:\/\/bubo-cybersec.com\/actualites\/#breadcrumb","itemListElement":[{"@type":"ListItem","position":1,"name":"Accueil","item":"https:\/\/bubo-cybersec.com\/"},{"@type":"ListItem","position":2,"name":"Actualit\u00e9s"}]},{"@type":"WebSite","@id":"https:\/\/bubo-cybersec.com\/#website","url":"https:\/\/bubo-cybersec.com\/","name":"Bubo Cybersec, la cybers\u00e9curit\u00e9 pour tous","description":"Des outils cl\u00e9s en main de cybers\u00e9curit\u00e9 pour les PME, ETI, collectivit\u00e9s, etc.","publisher":{"@id":"https:\/\/bubo-cybersec.com\/#organization"},"potentialAction":[{"@type":"SearchAction","target":{"@type":"EntryPoint","urlTemplate":"https:\/\/bubo-cybersec.com\/?s={search_term_string}"},"query-input":{"@type":"PropertyValueSpecification","valueRequired":true,"valueName":"search_term_string"}}],"inLanguage":"en-US"},{"@type":"Organization","@id":"https:\/\/bubo-cybersec.com\/#organization","name":"Bubo Cybersec, la cybers\u00e9curit\u00e9 pour tous","url":"https:\/\/bubo-cybersec.com\/","logo":{"@type":"ImageObject","inLanguage":"en-US","@id":"https:\/\/bubo-cybersec.com\/#\/schema\/logo\/image\/","url":"https:\/\/bubo-cybersec.com\/wp-content\/uploads\/2020\/09\/cropped-Bubo-Cybersec-Sans-fond.png","contentUrl":"https:\/\/bubo-cybersec.com\/wp-content\/uploads\/2020\/09\/cropped-Bubo-Cybersec-Sans-fond.png","width":1256,"height":443,"caption":"Bubo Cybersec, la cybers\u00e9curit\u00e9 pour tous"},"image":{"@id":"https:\/\/bubo-cybersec.com\/#\/schema\/logo\/image\/"},"sameAs":["https:\/\/www.linkedin.com\/company\/bubo-cybersec\/"]}]}},"_links":{"self":[{"href":"https:\/\/bubo-cybersec.com\/en\/wp-json\/wp\/v2\/pages\/6769","targetHints":{"allow":["GET"]}}],"collection":[{"href":"https:\/\/bubo-cybersec.com\/en\/wp-json\/wp\/v2\/pages"}],"about":[{"href":"https:\/\/bubo-cybersec.com\/en\/wp-json\/wp\/v2\/types\/page"}],"author":[{"embeddable":true,"href":"https:\/\/bubo-cybersec.com\/en\/wp-json\/wp\/v2\/users\/6"}],"replies":[{"embeddable":true,"href":"https:\/\/bubo-cybersec.com\/en\/wp-json\/wp\/v2\/comments?post=6769"}],"version-history":[{"count":5,"href":"https:\/\/bubo-cybersec.com\/en\/wp-json\/wp\/v2\/pages\/6769\/revisions"}],"predecessor-version":[{"id":6776,"href":"https:\/\/bubo-cybersec.com\/en\/wp-json\/wp\/v2\/pages\/6769\/revisions\/6776"}],"wp:attachment":[{"href":"https:\/\/bubo-cybersec.com\/en\/wp-json\/wp\/v2\/media?parent=6769"}],"curies":[{"name":"wp","href":"https:\/\/api.w.org\/{rel}","templated":true}]}}