{"id":6551,"date":"2025-07-25T09:56:23","date_gmt":"2025-07-25T07:56:23","guid":{"rendered":"https:\/\/bubo-cybersec.com\/?page_id=6551"},"modified":"2025-09-13T16:27:28","modified_gmt":"2025-09-13T14:27:28","slug":"politique-de-confidentialite","status":"publish","type":"page","link":"https:\/\/bubo-cybersec.com\/en\/politique-de-confidentialite\/","title":{"rendered":"Privacy Policy"},"content":{"rendered":"<p>[et_pb_section fb_built=\u00a0\u00bb1&Prime; custom_padding_last_edited=\u00a0\u00bbon|phone\u00a0\u00bb admin_label=\u00a0\u00bbTeam\u00a0\u00bb _builder_version=\u00a0\u00bb4.27.4&Prime; _module_preset=\u00a0\u00bbdefault\u00a0\u00bb custom_margin_tablet=\u00a0\u00bb\u00a0\u00bb custom_margin_phone=\u00a0\u00bb-74px|25px||25px|false|false\u00a0\u00bb custom_margin_last_edited=\u00a0\u00bbon|phone\u00a0\u00bb custom_padding=\u00a0\u00bb6px||0px|||\u00a0\u00bb custom_padding_tablet=\u00a0\u00bb6px||0px|||\u00a0\u00bb custom_padding_phone=\u00a0\u00bb0px||||false|false\u00a0\u00bb collapsed=\u00a0\u00bbon\u00a0\u00bb global_colors_info=\u00a0\u00bb{}\u00a0\u00bb][et_pb_row _builder_version=\u00a0\u00bb4.27.4&Prime; _module_preset=\u00a0\u00bbdefault\u00a0\u00bb global_colors_info=\u00a0\u00bb{}\u00a0\u00bb][et_pb_column type=\u00a0\u00bb4_4&Prime; _builder_version=\u00a0\u00bb4.19.0&Prime; _module_preset=\u00a0\u00bbdefault\u00a0\u00bb custom_padding_tablet=\u00a0\u00bb||30px||false|false\u00a0\u00bb custom_padding_phone=\u00a0\u00bb||30px||false|false\u00a0\u00bb custom_padding_last_edited=\u00a0\u00bbon|tablet\u00a0\u00bb global_colors_info=\u00a0\u00bb{}\u00a0\u00bb][et_pb_text content_tablet=\u00a0\u00bb<\/p>\n<h1>Au service de votre cybers\u00e9curit\u00e9<\/h1>\n<p>\u00a0\u00bb content_phone=\u00a0\u00bb<\/p>\n<h1>Au service<br \/>de votre cybers\u00e9curit\u00e9<\/h1>\n<p>\u00a0\u00bb content_last_edited=\u00a0\u00bbon|phone\u00a0\u00bb _builder_version=\u00a0\u00bb4.27.4&Prime; _module_preset=\u00a0\u00bb5fc44094-e7c0-4818-b72a-956922a80f56&Prime; custom_padding=\u00a0\u00bb94px|||||\u00a0\u00bb global_colors_info=\u00a0\u00bb{}\u00a0\u00bb]<\/p>\n<h1>Politique de confidentialit\u00e9<\/h1>\n<p>[\/et_pb_text][\/et_pb_column][\/et_pb_row][\/et_pb_section][et_pb_section fb_built=\u00a0\u00bb1&Prime; custom_padding_last_edited=\u00a0\u00bbon|phone\u00a0\u00bb _builder_version=\u00a0\u00bb4.27.4&Prime; _module_preset=\u00a0\u00bbdefault\u00a0\u00bb custom_margin_tablet=\u00a0\u00bb\u00a0\u00bb custom_margin_phone=\u00a0\u00bb-44px|25px||25px|false|false\u00a0\u00bb custom_margin_last_edited=\u00a0\u00bbon|phone\u00a0\u00bb custom_padding=\u00a0\u00bb8px||44px|||\u00a0\u00bb custom_padding_tablet=\u00a0\u00bb8px||44px|||\u00a0\u00bb custom_padding_phone=\u00a0\u00bb0px||0px||false|false\u00a0\u00bb global_colors_info=\u00a0\u00bb{}\u00a0\u00bb][et_pb_row _builder_version=\u00a0\u00bb4.27.4&Prime; _module_preset=\u00a0\u00bbdefault\u00a0\u00bb global_colors_info=\u00a0\u00bb{}\u00a0\u00bb][et_pb_column type=\u00a0\u00bb4_4&Prime; _builder_version=\u00a0\u00bb4.27.4&Prime; _module_preset=\u00a0\u00bbdefault\u00a0\u00bb global_colors_info=\u00a0\u00bb{}\u00a0\u00bb][et_pb_text _builder_version=\u00a0\u00bb4.27.4&Prime; _module_preset=\u00a0\u00bbdefault\u00a0\u00bb global_colors_info=\u00a0\u00bb{}\u00a0\u00bb]<\/p>\n<h4 data-start=\"181\" data-end=\"205\"><strong data-start=\"184\" data-end=\"205\">Qui sommes-nous ?<\/strong><\/h4>\n<p data-start=\"207\" data-end=\"496\">Vos donn\u00e9es personnelles sont importantes pour <strong data-start=\"254\" data-end=\"273\">BUBO Initiative<\/strong>. Nous sommes une entreprise de <strong data-start=\"305\" data-end=\"333\">conseil en cybers\u00e9curit\u00e9<\/strong> bas\u00e9e \u00e0 <strong data-start=\"342\" data-end=\"362\">Gardanne (13120)<\/strong>, France.<br data-start=\"371\" data-end=\"374\" \/>Nous accompagnons les organisations dans la pr\u00e9vention, la d\u00e9tection et la r\u00e9ponse aux incidents de s\u00e9curit\u00e9 informatique.<\/p>\n<hr data-start=\"498\" data-end=\"501\" \/>\n<h4 data-start=\"503\" data-end=\"564\"><strong data-start=\"506\" data-end=\"564\">Politique relative aux donn\u00e9es personnelles collect\u00e9es<\/strong><\/h4>\n<p data-start=\"566\" data-end=\"711\">Il est tout \u00e0 fait possible pour un utilisateur de naviguer sur le site web <strong data-start=\"642\" data-end=\"667\"><a data-start=\"644\" data-end=\"665\" rel=\"noopener\" target=\"_new\" class=\"\" href=\"http:\/\/www.bubo-cybersec.com\">www.bubo-cybersec.com<\/a><\/strong> sans donner aucune information personnelle.<\/p>\n<p data-start=\"713\" data-end=\"1002\">Le cas \u00e9ch\u00e9ant, <strong data-start=\"729\" data-end=\"748\">BUBO Initiative<\/strong> peut \u00eatre amen\u00e9e \u00e0 vous demander de renseigner vos nom, pr\u00e9nom, adresse \u00e9lectronique, num\u00e9ro de t\u00e9l\u00e9phone, entreprise et fonction. En fournissant ces informations, vous acceptez qu\u2019elles soient collect\u00e9es, trait\u00e9es et conserv\u00e9es par <strong data-start=\"982\" data-end=\"1001\">BUBO Initiative<\/strong>.<\/p>\n<hr data-start=\"1004\" data-end=\"1007\" \/>\n<h4 data-start=\"1009\" data-end=\"1059\"><strong data-start=\"1012\" data-end=\"1059\">Donn\u00e9es collect\u00e9es et finalit\u00e9s de collecte<\/strong><\/h4>\n<h5 data-start=\"1061\" data-end=\"1091\"><strong data-start=\"1065\" data-end=\"1091\">Formulaires de contact<\/strong><\/h5>\n<p data-start=\"1093\" data-end=\"1187\">Nos formulaires de contact limitent la collecte des donn\u00e9es personnelles au strict n\u00e9cessaire.<\/p>\n<p data-start=\"1189\" data-end=\"1223\">Les informations sont exploit\u00e9es :<\/p>\n<ul data-start=\"1224\" data-end=\"1370\">\n<li data-start=\"1224\" data-end=\"1294\">\n<p data-start=\"1226\" data-end=\"1294\">\u00e0 des fins statistiques pour am\u00e9liorer votre exp\u00e9rience sur le site,<\/p>\n<\/li>\n<li data-start=\"1295\" data-end=\"1370\">\n<p data-start=\"1297\" data-end=\"1370\">\u00e0 des fins commerciales lorsqu\u2019une opportunit\u00e9 d\u2019affaires est identifi\u00e9e.<\/p>\n<\/li>\n<\/ul>\n<p data-start=\"1372\" data-end=\"1528\">Les donn\u00e9es personnelles recueillies sont transmises et conserv\u00e9es selon des protocoles s\u00e9curis\u00e9s, et ne sont pas conserv\u00e9es au-del\u00e0 de la dur\u00e9e n\u00e9cessaire.<\/p>\n<p data-start=\"1530\" data-end=\"1739\">Pour toute information \u00e0 ce sujet ou pour exercer vos droits Informatique et Libert\u00e9s, vous pouvez contacter notre D\u00e9l\u00e9gu\u00e9 \u00e0 la Protection des Donn\u00e9es (DPO) : <strong data-start=\"1689\" data-end=\"1739\">Renaud Alliod &#8211; r.alliod @ bubo-cybersec.com<\/strong><\/p>\n<hr data-start=\"1741\" data-end=\"1744\" \/>\n<h5 data-start=\"1746\" data-end=\"1760\"><strong data-start=\"1749\" data-end=\"1760\">Cookies<\/strong><\/h5>\n<p data-start=\"1762\" data-end=\"1946\"><strong data-start=\"1762\" data-end=\"1781\">BUBO Initiative<\/strong>, en tant qu\u2019\u00e9diteur du pr\u00e9sent site web, peut implanter des cookies sur votre terminal (ordinateur, tablette, mobile\u2026), afin d\u2019am\u00e9liorer l\u2019exp\u00e9rience de navigation.<\/p>\n<p data-start=\"1948\" data-end=\"2051\">Un bandeau de notification vous permet d\u2019accepter ou refuser les cookies lors de votre premi\u00e8re visite.<\/p>\n<p data-start=\"2053\" data-end=\"2108\">Les donn\u00e9es collect\u00e9es via ces cookies sont utilis\u00e9es :<\/p>\n<ul data-start=\"2109\" data-end=\"2173\">\n<li data-start=\"2109\" data-end=\"2135\">\n<p data-start=\"2111\" data-end=\"2135\">\u00e0 des fins statistiques,<\/p>\n<\/li>\n<li data-start=\"2136\" data-end=\"2173\">\n<p data-start=\"2138\" data-end=\"2173\">pour optimiser l\u2019ergonomie du site.<\/p>\n<\/li>\n<\/ul>\n<p data-start=\"2175\" data-end=\"2384\">Certaines donn\u00e9es sont partag\u00e9es avec <strong data-start=\"2213\" data-end=\"2233\">Google Analytics<\/strong>. La politique de confidentialit\u00e9 de Google est disponible ici : <a data-start=\"2298\" data-end=\"2384\" class=\"\" rel=\"noopener\" target=\"_new\" href=\"https:\/\/policies.google.com\/privacy?hl=fr\">https:\/\/policies.google.com\/privacy?hl=fr<\/a><\/p>\n<hr data-start=\"2386\" data-end=\"2389\" \/>\n<h5 data-start=\"2391\" data-end=\"2436\"><strong data-start=\"2394\" data-end=\"2436\">Contenu embarqu\u00e9 depuis d\u2019autres sites<\/strong><\/h5>\n<p data-start=\"2438\" data-end=\"2607\">Certains contenus (vid\u00e9os, images\u2026) peuvent provenir de sites tiers. Ces contenus int\u00e9gr\u00e9s se comportent comme si le visiteur se rendait directement sur le site externe.<\/p>\n<p data-start=\"2609\" data-end=\"2804\">Ces sites peuvent collecter des donn\u00e9es, utiliser des cookies ou suivre vos interactions avec leur contenu int\u00e9gr\u00e9. Nous vous encourageons \u00e0 consulter leurs propres politiques de confidentialit\u00e9.<\/p>\n<hr data-start=\"3122\" data-end=\"3125\" \/>\n<h5 data-start=\"3127\" data-end=\"3146\"><strong data-start=\"3130\" data-end=\"3146\">Commentaires<\/strong><\/h5>\n<p data-start=\"3148\" data-end=\"3317\">Si vous laissez un commentaire sur le site, nous collectons les donn\u00e9es visibles dans le formulaire (nom, email, message) ainsi que votre adresse IP et votre navigateur.<\/p>\n<p data-start=\"3319\" data-end=\"3447\">Ces donn\u00e9es peuvent \u00eatre utilis\u00e9es \u00e0 des fins commerciales ou pour lutter contre le spam via un syst\u00e8me automatis\u00e9 de d\u00e9tection.<\/p>\n<hr data-start=\"3449\" data-end=\"3452\" \/>\n<h4 data-start=\"3454\" data-end=\"3494\"><strong data-start=\"3457\" data-end=\"3494\">Dur\u00e9e de conservation des donn\u00e9es<\/strong><\/h4>\n<p data-start=\"3496\" data-end=\"3592\">Conform\u00e9ment \u00e0 la l\u00e9gislation, le consentement relatif aux cookies est demand\u00e9 tous les 13 mois.<\/p>\n<p data-start=\"3594\" data-end=\"3766\">Les donn\u00e9es personnelles collect\u00e9es (emails, informations de formulaire) sont conserv\u00e9es <strong data-start=\"3683\" data-end=\"3701\">moins de 2 ans<\/strong>, sauf activit\u00e9 prolong\u00e9e de votre part (ex : ouverture d\u2019email).<\/p>\n<p data-start=\"3768\" data-end=\"3937\">Nous ne collectons ni mot de passe, ni num\u00e9ro de carte bancaire, ni adresse postale pour les visiteurs. Notre site ne permet pas la cr\u00e9ation de compte ou de transaction.<\/p>\n<hr data-start=\"3939\" data-end=\"3942\" \/>\n<h4 data-start=\"3944\" data-end=\"3984\"><strong data-start=\"3947\" data-end=\"3984\">Vos droits concernant vos donn\u00e9es<\/strong><\/h4>\n<p data-start=\"3986\" data-end=\"4018\">Vous avez le droit de demander :<\/p>\n<ul data-start=\"4019\" data-end=\"4085\">\n<li data-start=\"4019\" data-end=\"4043\">\n<p data-start=\"4021\" data-end=\"4043\">l\u2019acc\u00e8s \u00e0 vos donn\u00e9es,<\/p>\n<\/li>\n<li data-start=\"4044\" data-end=\"4065\">\n<p data-start=\"4046\" data-end=\"4065\">leur rectification,<\/p>\n<\/li>\n<li data-start=\"4066\" data-end=\"4085\">\n<p data-start=\"4068\" data-end=\"4085\">leur suppression.<\/p>\n<\/li>\n<\/ul>\n<p data-start=\"4087\" data-end=\"4239\">Pour exercer ces droits, contactez-nous via notre <a data-start=\"4137\" data-end=\"4199\" class=\"cursor-pointer\" rel=\"noopener\" target=\"_new\">formulaire de contact<\/a> ou par email \u00e0 <strong data-start=\"4215\" data-end=\"4238\">r.alliod @ bubo-cybersec.com<\/strong>.<\/p>\n<hr data-start=\"4241\" data-end=\"4244\" \/>\n<h4 data-start=\"4246\" data-end=\"4288\"><strong data-start=\"4249\" data-end=\"4288\">Comment nous prot\u00e9geons vos donn\u00e9es<\/strong><\/h4>\n<p data-start=\"4290\" data-end=\"4338\">Nous appliquons les bonnes pratiques suivantes :<\/p>\n<ul data-start=\"4339\" data-end=\"4541\">\n<li data-start=\"4339\" data-end=\"4403\">\n<p data-start=\"4341\" data-end=\"4403\">mises \u00e0 jour r\u00e9guli\u00e8res de notre h\u00e9bergement et de nos outils,<\/p>\n<\/li>\n<li data-start=\"4404\" data-end=\"4450\">\n<p data-start=\"4406\" data-end=\"4450\">surveillance des vuln\u00e9rabilit\u00e9s de s\u00e9curit\u00e9,<\/p>\n<\/li>\n<li data-start=\"4451\" data-end=\"4541\">\n<p data-start=\"4453\" data-end=\"4541\">limitation du partage des donn\u00e9es aux seuls outils n\u00e9cessaires (Google Analytics, etc.).<\/p>\n<\/li>\n<\/ul>\n<hr data-start=\"4543\" data-end=\"4546\" \/>\n<h4 data-start=\"4548\" data-end=\"4578\"><strong data-start=\"4551\" data-end=\"4578\">Notification d\u2019incident<\/strong><\/h4>\n<p data-start=\"4580\" data-end=\"4613\">En cas de faille d\u00e9tect\u00e9e, nous :<\/p>\n<ul data-start=\"4614\" data-end=\"4772\">\n<li data-start=\"4614\" data-end=\"4658\">\n<p data-start=\"4616\" data-end=\"4658\">corrigerons la vuln\u00e9rabilit\u00e9 au plus vite,<\/p>\n<\/li>\n<li data-start=\"4659\" data-end=\"4717\">\n<p data-start=\"4661\" data-end=\"4717\">informerons les utilisateurs concern\u00e9s d\u00e8s que possible,<\/p>\n<\/li>\n<li data-start=\"4718\" data-end=\"4772\">\n<p data-start=\"4720\" data-end=\"4772\">communiquerons pendant toute la dur\u00e9e de l\u2019incident.<\/p>\n<\/li>\n<\/ul>\n<hr data-start=\"4774\" data-end=\"4777\" \/>\n<p data-start=\"4779\" data-end=\"4813\"><strong data-start=\"4779\" data-end=\"4800\">Derni\u00e8re r\u00e9vision<\/strong> : 25\/07\/2025<\/p>\n<p>[\/et_pb_text][\/et_pb_column][\/et_pb_row][\/et_pb_section]<\/p>\n","protected":false},"excerpt":{"rendered":"<p>Politique de confidentialit\u00e9 Qui sommes-nous ? Vos donn\u00e9es personnelles sont importantes pour BUBO Initiative. Nous sommes une entreprise de conseil en cybers\u00e9curit\u00e9 bas\u00e9e \u00e0 Gardanne (13120), France.Nous accompagnons les organisations dans la pr\u00e9vention, la d\u00e9tection et la r\u00e9ponse aux incidents de s\u00e9curit\u00e9 informatique. Politique relative aux donn\u00e9es personnelles collect\u00e9es Il est tout \u00e0 fait&#8230;<\/p>","protected":false},"author":1,"featured_media":0,"parent":0,"menu_order":0,"comment_status":"closed","ping_status":"closed","template":"","meta":{"_acf_changed":false,"_et_pb_use_builder":"on","_et_pb_old_content":"","_et_gb_content_width":"","neve_meta_sidebar":"","neve_meta_container":"","neve_meta_enable_content_width":"","neve_meta_content_width":0,"neve_meta_title_alignment":"","neve_meta_author_avatar":"","neve_post_elements_order":"","neve_meta_disable_header":"","neve_meta_disable_footer":"","neve_meta_disable_title":"","_themeisle_gutenberg_block_has_review":false,"footnotes":""},"class_list":["post-6551","page","type-page","status-publish","hentry"],"acf":[],"yoast_head":"<!-- This site is optimized with the Yoast SEO plugin v27.5 - https:\/\/yoast.com\/product\/yoast-seo-wordpress\/ -->\n<title>Politique de confidentialit\u00e9 - Bubo Cybersec, la cybers\u00e9curit\u00e9 pour tous<\/title>\n<meta name=\"robots\" content=\"index, follow, max-snippet:-1, max-image-preview:large, max-video-preview:-1\" \/>\n<link rel=\"canonical\" href=\"https:\/\/bubo-cybersec.com\/en\/fr_fr\/politique-de-confidentialite\/\" \/>\n<meta property=\"og:locale\" content=\"en_US\" \/>\n<meta property=\"og:type\" content=\"article\" \/>\n<meta property=\"og:title\" content=\"Politique de confidentialit\u00e9 - Bubo Cybersec, la cybers\u00e9curit\u00e9 pour tous\" \/>\n<meta property=\"og:description\" content=\"Politique de confidentialit\u00e9 Qui sommes-nous ? Vos donn\u00e9es personnelles sont importantes pour BUBO Initiative. Nous sommes une entreprise de conseil en cybers\u00e9curit\u00e9 bas\u00e9e \u00e0 Gardanne (13120), France.Nous accompagnons les organisations dans la pr\u00e9vention, la d\u00e9tection et la r\u00e9ponse aux incidents de s\u00e9curit\u00e9 informatique. Politique relative aux donn\u00e9es personnelles collect\u00e9es Il est tout \u00e0 fait...\" \/>\n<meta property=\"og:url\" content=\"https:\/\/bubo-cybersec.com\/en\/fr_fr\/politique-de-confidentialite\/\" \/>\n<meta property=\"og:site_name\" content=\"Bubo Cybersec, la cybers\u00e9curit\u00e9 pour tous\" \/>\n<meta property=\"article:modified_time\" content=\"2025-09-13T14:27:28+00:00\" \/>\n<meta name=\"twitter:card\" content=\"summary_large_image\" \/>\n<script type=\"application\/ld+json\" class=\"yoast-schema-graph\">{\"@context\":\"https:\\\/\\\/schema.org\",\"@graph\":[{\"@type\":\"WebPage\",\"@id\":\"https:\\\/\\\/bubo-cybersec.com\\\/fr_fr\\\/politique-de-confidentialite\\\/\",\"url\":\"https:\\\/\\\/bubo-cybersec.com\\\/fr_fr\\\/politique-de-confidentialite\\\/\",\"name\":\"Politique de confidentialit\u00e9 - Bubo Cybersec, la cybers\u00e9curit\u00e9 pour tous\",\"isPartOf\":{\"@id\":\"https:\\\/\\\/bubo-cybersec.com\\\/#website\"},\"datePublished\":\"2025-07-25T07:56:23+00:00\",\"dateModified\":\"2025-09-13T14:27:28+00:00\",\"breadcrumb\":{\"@id\":\"https:\\\/\\\/bubo-cybersec.com\\\/fr_fr\\\/politique-de-confidentialite\\\/#breadcrumb\"},\"inLanguage\":\"en-US\",\"potentialAction\":[{\"@type\":\"ReadAction\",\"target\":[\"https:\\\/\\\/bubo-cybersec.com\\\/fr_fr\\\/politique-de-confidentialite\\\/\"]}]},{\"@type\":\"BreadcrumbList\",\"@id\":\"https:\\\/\\\/bubo-cybersec.com\\\/fr_fr\\\/politique-de-confidentialite\\\/#breadcrumb\",\"itemListElement\":[{\"@type\":\"ListItem\",\"position\":1,\"name\":\"Accueil\",\"item\":\"https:\\\/\\\/bubo-cybersec.com\\\/\"},{\"@type\":\"ListItem\",\"position\":2,\"name\":\"Politique de confidentialit\u00e9\"}]},{\"@type\":\"WebSite\",\"@id\":\"https:\\\/\\\/bubo-cybersec.com\\\/#website\",\"url\":\"https:\\\/\\\/bubo-cybersec.com\\\/\",\"name\":\"Bubo Cybersec, la cybers\u00e9curit\u00e9 pour tous\",\"description\":\"Des outils cl\u00e9s en main de cybers\u00e9curit\u00e9 pour les PME, ETI, collectivit\u00e9s, etc.\",\"publisher\":{\"@id\":\"https:\\\/\\\/bubo-cybersec.com\\\/#organization\"},\"potentialAction\":[{\"@type\":\"SearchAction\",\"target\":{\"@type\":\"EntryPoint\",\"urlTemplate\":\"https:\\\/\\\/bubo-cybersec.com\\\/?s={search_term_string}\"},\"query-input\":{\"@type\":\"PropertyValueSpecification\",\"valueRequired\":true,\"valueName\":\"search_term_string\"}}],\"inLanguage\":\"en-US\"},{\"@type\":\"Organization\",\"@id\":\"https:\\\/\\\/bubo-cybersec.com\\\/#organization\",\"name\":\"Bubo Cybersec, la cybers\u00e9curit\u00e9 pour tous\",\"url\":\"https:\\\/\\\/bubo-cybersec.com\\\/\",\"logo\":{\"@type\":\"ImageObject\",\"inLanguage\":\"en-US\",\"@id\":\"https:\\\/\\\/bubo-cybersec.com\\\/#\\\/schema\\\/logo\\\/image\\\/\",\"url\":\"https:\\\/\\\/bubo-cybersec.com\\\/wp-content\\\/uploads\\\/2020\\\/09\\\/cropped-Bubo-Cybersec-Sans-fond.png\",\"contentUrl\":\"https:\\\/\\\/bubo-cybersec.com\\\/wp-content\\\/uploads\\\/2020\\\/09\\\/cropped-Bubo-Cybersec-Sans-fond.png\",\"width\":1256,\"height\":443,\"caption\":\"Bubo Cybersec, la cybers\u00e9curit\u00e9 pour tous\"},\"image\":{\"@id\":\"https:\\\/\\\/bubo-cybersec.com\\\/#\\\/schema\\\/logo\\\/image\\\/\"},\"sameAs\":[\"https:\\\/\\\/www.linkedin.com\\\/company\\\/bubo-cybersec\\\/\"]}]}<\/script>\n<!-- \/ Yoast SEO plugin. -->","yoast_head_json":{"title":"Politique de confidentialit\u00e9 - Bubo Cybersec, la cybers\u00e9curit\u00e9 pour tous","robots":{"index":"index","follow":"follow","max-snippet":"max-snippet:-1","max-image-preview":"max-image-preview:large","max-video-preview":"max-video-preview:-1"},"canonical":"https:\/\/bubo-cybersec.com\/en\/fr_fr\/politique-de-confidentialite\/","og_locale":"en_US","og_type":"article","og_title":"Politique de confidentialit\u00e9 - Bubo Cybersec, la cybers\u00e9curit\u00e9 pour tous","og_description":"Politique de confidentialit\u00e9 Qui sommes-nous ? Vos donn\u00e9es personnelles sont importantes pour BUBO Initiative. Nous sommes une entreprise de conseil en cybers\u00e9curit\u00e9 bas\u00e9e \u00e0 Gardanne (13120), France.Nous accompagnons les organisations dans la pr\u00e9vention, la d\u00e9tection et la r\u00e9ponse aux incidents de s\u00e9curit\u00e9 informatique. Politique relative aux donn\u00e9es personnelles collect\u00e9es Il est tout \u00e0 fait...","og_url":"https:\/\/bubo-cybersec.com\/en\/fr_fr\/politique-de-confidentialite\/","og_site_name":"Bubo Cybersec, la cybers\u00e9curit\u00e9 pour tous","article_modified_time":"2025-09-13T14:27:28+00:00","twitter_card":"summary_large_image","schema":{"@context":"https:\/\/schema.org","@graph":[{"@type":"WebPage","@id":"https:\/\/bubo-cybersec.com\/fr_fr\/politique-de-confidentialite\/","url":"https:\/\/bubo-cybersec.com\/fr_fr\/politique-de-confidentialite\/","name":"Politique de confidentialit\u00e9 - Bubo Cybersec, la cybers\u00e9curit\u00e9 pour tous","isPartOf":{"@id":"https:\/\/bubo-cybersec.com\/#website"},"datePublished":"2025-07-25T07:56:23+00:00","dateModified":"2025-09-13T14:27:28+00:00","breadcrumb":{"@id":"https:\/\/bubo-cybersec.com\/fr_fr\/politique-de-confidentialite\/#breadcrumb"},"inLanguage":"en-US","potentialAction":[{"@type":"ReadAction","target":["https:\/\/bubo-cybersec.com\/fr_fr\/politique-de-confidentialite\/"]}]},{"@type":"BreadcrumbList","@id":"https:\/\/bubo-cybersec.com\/fr_fr\/politique-de-confidentialite\/#breadcrumb","itemListElement":[{"@type":"ListItem","position":1,"name":"Accueil","item":"https:\/\/bubo-cybersec.com\/"},{"@type":"ListItem","position":2,"name":"Politique de confidentialit\u00e9"}]},{"@type":"WebSite","@id":"https:\/\/bubo-cybersec.com\/#website","url":"https:\/\/bubo-cybersec.com\/","name":"Bubo Cybersec, la cybers\u00e9curit\u00e9 pour tous","description":"Des outils cl\u00e9s en main de cybers\u00e9curit\u00e9 pour les PME, ETI, collectivit\u00e9s, etc.","publisher":{"@id":"https:\/\/bubo-cybersec.com\/#organization"},"potentialAction":[{"@type":"SearchAction","target":{"@type":"EntryPoint","urlTemplate":"https:\/\/bubo-cybersec.com\/?s={search_term_string}"},"query-input":{"@type":"PropertyValueSpecification","valueRequired":true,"valueName":"search_term_string"}}],"inLanguage":"en-US"},{"@type":"Organization","@id":"https:\/\/bubo-cybersec.com\/#organization","name":"Bubo Cybersec, la cybers\u00e9curit\u00e9 pour tous","url":"https:\/\/bubo-cybersec.com\/","logo":{"@type":"ImageObject","inLanguage":"en-US","@id":"https:\/\/bubo-cybersec.com\/#\/schema\/logo\/image\/","url":"https:\/\/bubo-cybersec.com\/wp-content\/uploads\/2020\/09\/cropped-Bubo-Cybersec-Sans-fond.png","contentUrl":"https:\/\/bubo-cybersec.com\/wp-content\/uploads\/2020\/09\/cropped-Bubo-Cybersec-Sans-fond.png","width":1256,"height":443,"caption":"Bubo Cybersec, la cybers\u00e9curit\u00e9 pour tous"},"image":{"@id":"https:\/\/bubo-cybersec.com\/#\/schema\/logo\/image\/"},"sameAs":["https:\/\/www.linkedin.com\/company\/bubo-cybersec\/"]}]}},"_links":{"self":[{"href":"https:\/\/bubo-cybersec.com\/en\/wp-json\/wp\/v2\/pages\/6551","targetHints":{"allow":["GET"]}}],"collection":[{"href":"https:\/\/bubo-cybersec.com\/en\/wp-json\/wp\/v2\/pages"}],"about":[{"href":"https:\/\/bubo-cybersec.com\/en\/wp-json\/wp\/v2\/types\/page"}],"author":[{"embeddable":true,"href":"https:\/\/bubo-cybersec.com\/en\/wp-json\/wp\/v2\/users\/1"}],"replies":[{"embeddable":true,"href":"https:\/\/bubo-cybersec.com\/en\/wp-json\/wp\/v2\/comments?post=6551"}],"version-history":[{"count":4,"href":"https:\/\/bubo-cybersec.com\/en\/wp-json\/wp\/v2\/pages\/6551\/revisions"}],"predecessor-version":[{"id":6617,"href":"https:\/\/bubo-cybersec.com\/en\/wp-json\/wp\/v2\/pages\/6551\/revisions\/6617"}],"wp:attachment":[{"href":"https:\/\/bubo-cybersec.com\/en\/wp-json\/wp\/v2\/media?parent=6551"}],"curies":[{"name":"wp","href":"https:\/\/api.w.org\/{rel}","templated":true}]}}