{"id":6547,"date":"2025-07-25T09:47:11","date_gmt":"2025-07-25T07:47:11","guid":{"rendered":"https:\/\/bubo-cybersec.com\/?page_id=6547"},"modified":"2025-09-12T17:36:38","modified_gmt":"2025-09-12T15:36:38","slug":"mentions-legales-bubo","status":"publish","type":"page","link":"https:\/\/bubo-cybersec.com\/en\/mentions-legales-bubo\/","title":{"rendered":"Mentions l\u00e9gales Bubo"},"content":{"rendered":"<p>[et_pb_section fb_built=\u00a0\u00bb1&Prime; custom_padding_last_edited=\u00a0\u00bbon|phone\u00a0\u00bb admin_label=\u00a0\u00bbTeam\u00a0\u00bb _builder_version=\u00a0\u00bb4.27.4&Prime; _module_preset=\u00a0\u00bbdefault\u00a0\u00bb custom_margin_tablet=\u00a0\u00bb\u00a0\u00bb custom_margin_phone=\u00a0\u00bb-74px|25px||25px|false|false\u00a0\u00bb custom_margin_last_edited=\u00a0\u00bbon|phone\u00a0\u00bb custom_padding=\u00a0\u00bb6px||0px|||\u00a0\u00bb custom_padding_tablet=\u00a0\u00bb6px||0px|||\u00a0\u00bb custom_padding_phone=\u00a0\u00bb0px||||false|false\u00a0\u00bb collapsed=\u00a0\u00bbon\u00a0\u00bb global_colors_info=\u00a0\u00bb{}\u00a0\u00bb][et_pb_row _builder_version=\u00a0\u00bb4.27.4&Prime; _module_preset=\u00a0\u00bbdefault\u00a0\u00bb global_colors_info=\u00a0\u00bb{}\u00a0\u00bb][et_pb_column type=\u00a0\u00bb4_4&Prime; _builder_version=\u00a0\u00bb4.19.0&Prime; _module_preset=\u00a0\u00bbdefault\u00a0\u00bb custom_padding_tablet=\u00a0\u00bb||30px||false|false\u00a0\u00bb custom_padding_phone=\u00a0\u00bb||30px||false|false\u00a0\u00bb custom_padding_last_edited=\u00a0\u00bbon|tablet\u00a0\u00bb global_colors_info=\u00a0\u00bb{}\u00a0\u00bb][et_pb_text content_tablet=\u00a0\u00bb<\/p>\n<h1>Au service de votre cybers\u00e9curit\u00e9<\/h1>\n<p>\u00a0\u00bb content_phone=\u00a0\u00bb<\/p>\n<h1>Au service<br \/>de votre cybers\u00e9curit\u00e9<\/h1>\n<p>\u00a0\u00bb content_last_edited=\u00a0\u00bbon|phone\u00a0\u00bb _builder_version=\u00a0\u00bb4.27.4&Prime; _module_preset=\u00a0\u00bb5fc44094-e7c0-4818-b72a-956922a80f56&Prime; custom_padding=\u00a0\u00bb94px|||||\u00a0\u00bb global_colors_info=\u00a0\u00bb{}\u00a0\u00bb]<\/p>\n<h1>Mentions l\u00e9gales<\/h1>\n<p>[\/et_pb_text][\/et_pb_column][\/et_pb_row][\/et_pb_section][et_pb_section fb_built=\u00a0\u00bb1&Prime; custom_padding_last_edited=\u00a0\u00bbon|phone\u00a0\u00bb _builder_version=\u00a0\u00bb4.27.4&Prime; _module_preset=\u00a0\u00bbdefault\u00a0\u00bb custom_margin_tablet=\u00a0\u00bb\u00a0\u00bb custom_margin_phone=\u00a0\u00bb-44px|25px||25px|false|false\u00a0\u00bb custom_margin_last_edited=\u00a0\u00bbon|phone\u00a0\u00bb custom_padding=\u00a0\u00bb8px||44px|||\u00a0\u00bb custom_padding_tablet=\u00a0\u00bb8px||44px|||\u00a0\u00bb custom_padding_phone=\u00a0\u00bb0px||0px||false|false\u00a0\u00bb global_colors_info=\u00a0\u00bb{}\u00a0\u00bb][et_pb_row _builder_version=\u00a0\u00bb4.27.4&Prime; _module_preset=\u00a0\u00bbdefault\u00a0\u00bb global_colors_info=\u00a0\u00bb{}\u00a0\u00bb][et_pb_column type=\u00a0\u00bb4_4&Prime; _builder_version=\u00a0\u00bb4.27.4&Prime; _module_preset=\u00a0\u00bbdefault\u00a0\u00bb global_colors_info=\u00a0\u00bb{}\u00a0\u00bb][et_pb_text _builder_version=\u00a0\u00bb4.27.4&Prime; _module_preset=\u00a0\u00bbdefault\u00a0\u00bb hover_enabled=\u00a0\u00bb0&Prime; global_colors_info=\u00a0\u00bb{}\u00a0\u00bb sticky_enabled=\u00a0\u00bb0&Prime;]<\/p>\n<p data-start=\"230\" data-end=\"465\"><strong data-start=\"230\" data-end=\"249\">BUBO Initiative<\/strong> est une entreprise de conseil en cybers\u00e9curit\u00e9 bas\u00e9e \u00e0 Gardanne (si\u00e8ge social). Nous assurons l\u2019accompagnement des organisations dans la pr\u00e9vention, la d\u00e9tection et la r\u00e9ponse aux incidents de s\u00e9curit\u00e9 informatique.<\/p>\n<p data-start=\"467\" data-end=\"733\">En vertu de l\u2019article 6 de la loi n\u00b0 2004-575 du 21 juin 2004 pour la confiance dans l\u2019\u00e9conomie num\u00e9rique, il est pr\u00e9cis\u00e9 aux utilisateurs du site internet <a rel=\"noopener\" target=\"_new\" class=\"\" data-start=\"623\" data-end=\"644\" href=\"http:\/\/www.bubo-cybersec.com\">www.bubo-cybersec.com<\/a> l\u2019identit\u00e9 des diff\u00e9rents intervenants dans le cadre de sa r\u00e9alisation et de son suivi :<\/p>\n<h4 data-start=\"735\" data-end=\"757\"><strong data-start=\"739\" data-end=\"755\">Propri\u00e9taire<\/strong><\/h4>\n<p data-start=\"758\" data-end=\"1035\"><strong data-start=\"758\" data-end=\"777\">BUBO Initiative<\/strong> \u2013 soci\u00e9t\u00e9 par actions simplifi\u00e9e, immatricul\u00e9e sous le SIRET 81759713100017 au capital social de 80\u202f000,00 \u20ac<br data-start=\"913\" data-end=\"916\" \/>Si\u00e8ge social : 9 Rue Reynaud, 13120 Gardanne, France<br data-start=\"968\" data-end=\"971\" \/>Email : contact[at]bubo-cybersec.com<\/p>\n<h4 data-start=\"1037\" data-end=\"1076\"><strong data-start=\"1041\" data-end=\"1074\">Responsable de la publication<\/strong><\/h4>\n<p data-start=\"1077\" data-end=\"1111\">Renaud Alliod<\/p>\n<h4 data-start=\"1170\" data-end=\"1189\"><strong data-start=\"1174\" data-end=\"1187\">H\u00e9bergeur<\/strong><\/h4>\n<p data-start=\"1190\" data-end=\"1294\"><strong data-start=\"1190\" data-end=\"1197\">OVH<\/strong><br data-start=\"1197\" data-end=\"1200\" \/>2 rue Kellermann \u2013 59100 Roubaix \u2013 France<br data-start=\"1241\" data-end=\"1244\" \/>T\u00e9l\u00e9phone : +33 9 72 10 10 07<br data-start=\"1273\" data-end=\"1276\" \/>Site : <a data-start=\"1283\" data-end=\"1294\" rel=\"noopener\" target=\"_new\" class=\"cursor-pointer\">www.ovh.com<\/a><\/p>\n<p data-start=\"1343\" data-end=\"1377\">\n<hr data-start=\"1379\" data-end=\"1382\" \/>\n<h2 data-start=\"1384\" data-end=\"1442\"><strong data-start=\"1387\" data-end=\"1442\">Propri\u00e9t\u00e9 intellectuelle et cr\u00e9dits photographiques<\/strong><\/h2>\n<p data-start=\"1444\" data-end=\"1631\">Les textes propos\u00e9s sont la propri\u00e9t\u00e9 de leurs auteurs. Les images et illustrations utilis\u00e9es sont propri\u00e9t\u00e9 de <strong data-start=\"1556\" data-end=\"1575\">BUBO Initiative<\/strong>, ou achet\u00e9es sur des banques d\u2019images libres de droits.<\/p>\n<p data-start=\"1633\" data-end=\"2239\">L\u2019ensemble des donn\u00e9es, textes, informations, images, photographies ou tout autre contenu diffus\u00e9 sur le site fait l\u2019objet d\u2019une protection au titre du droit de la propri\u00e9t\u00e9 intellectuelle. Par cons\u00e9quent, les internautes ne peuvent utiliser ces \u00e9l\u00e9ments qu\u2019\u00e0 des fins exclusivement priv\u00e9es. \u00c0 l\u2019exception des dispositions ci-dessus, toute reproduction, repr\u00e9sentation, utilisation ou adaptation, sous quelque forme que ce soit, de tout ou partie des \u00e9l\u00e9ments du site sans l\u2019accord \u00e9crit de <strong data-start=\"2124\" data-end=\"2143\">BUBO Initiative<\/strong> est constitutif d\u2019un acte de contrefa\u00e7on sanctionn\u00e9 par le Code de la Propri\u00e9t\u00e9 Intellectuelle.<\/p>\n<p data-start=\"2241\" data-end=\"2557\">Toutes marques (marques nominales et logos) et tout autre signe distinctif qui apparaissent sur notre site sont la propri\u00e9t\u00e9 de <strong data-start=\"2369\" data-end=\"2388\">BUBO Initiative<\/strong> ou de ses partenaires. Toute reproduction et\/ou repr\u00e9sentation, et tout usage de ces signes distinctifs sont donc interdits, sauf autorisation \u00e9crite de leur titulaire.<\/p>\n<hr data-start=\"2559\" data-end=\"2562\" \/>\n<h4 data-start=\"2564\" data-end=\"2595\"><strong data-start=\"2567\" data-end=\"2595\">Informatique et libert\u00e9s<\/strong><\/h4>\n<p data-start=\"2597\" data-end=\"2739\">Pour toute information relative aux donn\u00e9es personnelles, voir notre <a href=\"https:\/\/bubo-cybersec.com\/fr_fr\/politique-de-confidentialite\/\">Politique de confidentialit\u00e9<\/a> et de traitement des donn\u00e9es personnelles.<\/p>\n<hr data-start=\"2741\" data-end=\"2744\" \/>\n<h4 data-start=\"2746\" data-end=\"2769\"><strong data-start=\"2749\" data-end=\"2769\">Liens hypertexte<\/strong><\/h4>\n<p data-start=\"2771\" data-end=\"3201\">Toute cr\u00e9ation de lien hypertexte pointant vers le site <a data-start=\"2827\" data-end=\"2848\" rel=\"noopener\" target=\"_new\" class=\"\" href=\"http:\/\/www.bubo-cybersec.com\">www.bubo-cybersec.com<\/a> est libre. L\u2019existence d\u2019un lien hypertexte du site <a data-start=\"2901\" data-end=\"2922\" rel=\"noopener\" target=\"_new\" class=\"\" href=\"http:\/\/www.bubo-cybersec.com\">www.bubo-cybersec.com<\/a> vers un autre site ne constitue pas une validation de ce site ou de son contenu. <strong data-start=\"3004\" data-end=\"3023\">BUBO Initiative<\/strong> ne peut exercer de contr\u00f4le sur le contenu de ces sites et sa responsabilit\u00e9 ne saurait \u00eatre engag\u00e9e quant aux informations, opinions et recommandations formul\u00e9es par des tiers.<\/p>\n<hr data-start=\"3203\" data-end=\"3206\" \/>\n<p data-start=\"3208\" data-end=\"3250\"><strong data-start=\"3208\" data-end=\"3232\">Derni\u00e8re mise \u00e0 jour<\/strong> : 25 juillet 2025<\/p>\n<p>[\/et_pb_text][\/et_pb_column][\/et_pb_row][\/et_pb_section]<\/p>\n","protected":false},"excerpt":{"rendered":"<p>Mentions l\u00e9gales BUBO Initiative est une entreprise de conseil en cybers\u00e9curit\u00e9 bas\u00e9e \u00e0 Gardanne (si\u00e8ge social). Nous assurons l\u2019accompagnement des organisations dans la pr\u00e9vention, la d\u00e9tection et la r\u00e9ponse aux incidents de s\u00e9curit\u00e9 informatique. En vertu de l\u2019article 6 de la loi n\u00b0 2004-575 du 21 juin 2004 pour la confiance dans l\u2019\u00e9conomie num\u00e9rique,&#8230;<\/p>","protected":false},"author":1,"featured_media":0,"parent":0,"menu_order":0,"comment_status":"closed","ping_status":"closed","template":"","meta":{"_acf_changed":false,"_et_pb_use_builder":"on","_et_pb_old_content":"","_et_gb_content_width":"","neve_meta_sidebar":"","neve_meta_container":"","neve_meta_enable_content_width":"","neve_meta_content_width":0,"neve_meta_title_alignment":"","neve_meta_author_avatar":"","neve_post_elements_order":"","neve_meta_disable_header":"","neve_meta_disable_footer":"","neve_meta_disable_title":"","_themeisle_gutenberg_block_has_review":false,"footnotes":""},"class_list":["post-6547","page","type-page","status-publish","hentry"],"acf":[],"yoast_head":"<!-- This site is optimized with the Yoast SEO plugin v27.5 - https:\/\/yoast.com\/product\/yoast-seo-wordpress\/ -->\n<title>Mentions l\u00e9gales Bubo - Bubo Cybersec, la cybers\u00e9curit\u00e9 pour tous<\/title>\n<meta name=\"robots\" content=\"index, follow, max-snippet:-1, max-image-preview:large, max-video-preview:-1\" \/>\n<link rel=\"canonical\" href=\"https:\/\/bubo-cybersec.com\/en\/fr_fr\/mentions-legales-bubo\/\" \/>\n<meta property=\"og:locale\" content=\"en_US\" \/>\n<meta property=\"og:type\" content=\"article\" \/>\n<meta property=\"og:title\" content=\"Mentions l\u00e9gales Bubo - Bubo Cybersec, la cybers\u00e9curit\u00e9 pour tous\" \/>\n<meta property=\"og:description\" content=\"Mentions l\u00e9gales BUBO Initiative est une entreprise de conseil en cybers\u00e9curit\u00e9 bas\u00e9e \u00e0 Gardanne (si\u00e8ge social). Nous assurons l\u2019accompagnement des organisations dans la pr\u00e9vention, la d\u00e9tection et la r\u00e9ponse aux incidents de s\u00e9curit\u00e9 informatique. En vertu de l\u2019article 6 de la loi n\u00b0 2004-575 du 21 juin 2004 pour la confiance dans l\u2019\u00e9conomie num\u00e9rique,...\" \/>\n<meta property=\"og:url\" content=\"https:\/\/bubo-cybersec.com\/en\/fr_fr\/mentions-legales-bubo\/\" \/>\n<meta property=\"og:site_name\" content=\"Bubo Cybersec, la cybers\u00e9curit\u00e9 pour tous\" \/>\n<meta property=\"article:modified_time\" content=\"2025-09-12T15:36:38+00:00\" \/>\n<meta name=\"twitter:card\" content=\"summary_large_image\" \/>\n<script type=\"application\/ld+json\" class=\"yoast-schema-graph\">{\"@context\":\"https:\\\/\\\/schema.org\",\"@graph\":[{\"@type\":\"WebPage\",\"@id\":\"https:\\\/\\\/bubo-cybersec.com\\\/fr_fr\\\/mentions-legales-bubo\\\/\",\"url\":\"https:\\\/\\\/bubo-cybersec.com\\\/fr_fr\\\/mentions-legales-bubo\\\/\",\"name\":\"Mentions l\u00e9gales Bubo - Bubo Cybersec, la cybers\u00e9curit\u00e9 pour tous\",\"isPartOf\":{\"@id\":\"https:\\\/\\\/bubo-cybersec.com\\\/#website\"},\"datePublished\":\"2025-07-25T07:47:11+00:00\",\"dateModified\":\"2025-09-12T15:36:38+00:00\",\"breadcrumb\":{\"@id\":\"https:\\\/\\\/bubo-cybersec.com\\\/fr_fr\\\/mentions-legales-bubo\\\/#breadcrumb\"},\"inLanguage\":\"en-US\",\"potentialAction\":[{\"@type\":\"ReadAction\",\"target\":[\"https:\\\/\\\/bubo-cybersec.com\\\/fr_fr\\\/mentions-legales-bubo\\\/\"]}]},{\"@type\":\"BreadcrumbList\",\"@id\":\"https:\\\/\\\/bubo-cybersec.com\\\/fr_fr\\\/mentions-legales-bubo\\\/#breadcrumb\",\"itemListElement\":[{\"@type\":\"ListItem\",\"position\":1,\"name\":\"Accueil\",\"item\":\"https:\\\/\\\/bubo-cybersec.com\\\/\"},{\"@type\":\"ListItem\",\"position\":2,\"name\":\"Mentions l\u00e9gales Bubo\"}]},{\"@type\":\"WebSite\",\"@id\":\"https:\\\/\\\/bubo-cybersec.com\\\/#website\",\"url\":\"https:\\\/\\\/bubo-cybersec.com\\\/\",\"name\":\"Bubo Cybersec, la cybers\u00e9curit\u00e9 pour tous\",\"description\":\"Des outils cl\u00e9s en main de cybers\u00e9curit\u00e9 pour les PME, ETI, collectivit\u00e9s, etc.\",\"publisher\":{\"@id\":\"https:\\\/\\\/bubo-cybersec.com\\\/#organization\"},\"potentialAction\":[{\"@type\":\"SearchAction\",\"target\":{\"@type\":\"EntryPoint\",\"urlTemplate\":\"https:\\\/\\\/bubo-cybersec.com\\\/?s={search_term_string}\"},\"query-input\":{\"@type\":\"PropertyValueSpecification\",\"valueRequired\":true,\"valueName\":\"search_term_string\"}}],\"inLanguage\":\"en-US\"},{\"@type\":\"Organization\",\"@id\":\"https:\\\/\\\/bubo-cybersec.com\\\/#organization\",\"name\":\"Bubo Cybersec, la cybers\u00e9curit\u00e9 pour tous\",\"url\":\"https:\\\/\\\/bubo-cybersec.com\\\/\",\"logo\":{\"@type\":\"ImageObject\",\"inLanguage\":\"en-US\",\"@id\":\"https:\\\/\\\/bubo-cybersec.com\\\/#\\\/schema\\\/logo\\\/image\\\/\",\"url\":\"https:\\\/\\\/bubo-cybersec.com\\\/wp-content\\\/uploads\\\/2020\\\/09\\\/cropped-Bubo-Cybersec-Sans-fond.png\",\"contentUrl\":\"https:\\\/\\\/bubo-cybersec.com\\\/wp-content\\\/uploads\\\/2020\\\/09\\\/cropped-Bubo-Cybersec-Sans-fond.png\",\"width\":1256,\"height\":443,\"caption\":\"Bubo Cybersec, la cybers\u00e9curit\u00e9 pour tous\"},\"image\":{\"@id\":\"https:\\\/\\\/bubo-cybersec.com\\\/#\\\/schema\\\/logo\\\/image\\\/\"},\"sameAs\":[\"https:\\\/\\\/www.linkedin.com\\\/company\\\/bubo-cybersec\\\/\"]}]}<\/script>\n<!-- \/ Yoast SEO plugin. -->","yoast_head_json":{"title":"Mentions l\u00e9gales Bubo - Bubo Cybersec, la cybers\u00e9curit\u00e9 pour tous","robots":{"index":"index","follow":"follow","max-snippet":"max-snippet:-1","max-image-preview":"max-image-preview:large","max-video-preview":"max-video-preview:-1"},"canonical":"https:\/\/bubo-cybersec.com\/en\/fr_fr\/mentions-legales-bubo\/","og_locale":"en_US","og_type":"article","og_title":"Mentions l\u00e9gales Bubo - Bubo Cybersec, la cybers\u00e9curit\u00e9 pour tous","og_description":"Mentions l\u00e9gales BUBO Initiative est une entreprise de conseil en cybers\u00e9curit\u00e9 bas\u00e9e \u00e0 Gardanne (si\u00e8ge social). Nous assurons l\u2019accompagnement des organisations dans la pr\u00e9vention, la d\u00e9tection et la r\u00e9ponse aux incidents de s\u00e9curit\u00e9 informatique. En vertu de l\u2019article 6 de la loi n\u00b0 2004-575 du 21 juin 2004 pour la confiance dans l\u2019\u00e9conomie num\u00e9rique,...","og_url":"https:\/\/bubo-cybersec.com\/en\/fr_fr\/mentions-legales-bubo\/","og_site_name":"Bubo Cybersec, la cybers\u00e9curit\u00e9 pour tous","article_modified_time":"2025-09-12T15:36:38+00:00","twitter_card":"summary_large_image","schema":{"@context":"https:\/\/schema.org","@graph":[{"@type":"WebPage","@id":"https:\/\/bubo-cybersec.com\/fr_fr\/mentions-legales-bubo\/","url":"https:\/\/bubo-cybersec.com\/fr_fr\/mentions-legales-bubo\/","name":"Mentions l\u00e9gales Bubo - Bubo Cybersec, la cybers\u00e9curit\u00e9 pour tous","isPartOf":{"@id":"https:\/\/bubo-cybersec.com\/#website"},"datePublished":"2025-07-25T07:47:11+00:00","dateModified":"2025-09-12T15:36:38+00:00","breadcrumb":{"@id":"https:\/\/bubo-cybersec.com\/fr_fr\/mentions-legales-bubo\/#breadcrumb"},"inLanguage":"en-US","potentialAction":[{"@type":"ReadAction","target":["https:\/\/bubo-cybersec.com\/fr_fr\/mentions-legales-bubo\/"]}]},{"@type":"BreadcrumbList","@id":"https:\/\/bubo-cybersec.com\/fr_fr\/mentions-legales-bubo\/#breadcrumb","itemListElement":[{"@type":"ListItem","position":1,"name":"Accueil","item":"https:\/\/bubo-cybersec.com\/"},{"@type":"ListItem","position":2,"name":"Mentions l\u00e9gales Bubo"}]},{"@type":"WebSite","@id":"https:\/\/bubo-cybersec.com\/#website","url":"https:\/\/bubo-cybersec.com\/","name":"Bubo Cybersec, la cybers\u00e9curit\u00e9 pour tous","description":"Des outils cl\u00e9s en main de cybers\u00e9curit\u00e9 pour les PME, ETI, collectivit\u00e9s, etc.","publisher":{"@id":"https:\/\/bubo-cybersec.com\/#organization"},"potentialAction":[{"@type":"SearchAction","target":{"@type":"EntryPoint","urlTemplate":"https:\/\/bubo-cybersec.com\/?s={search_term_string}"},"query-input":{"@type":"PropertyValueSpecification","valueRequired":true,"valueName":"search_term_string"}}],"inLanguage":"en-US"},{"@type":"Organization","@id":"https:\/\/bubo-cybersec.com\/#organization","name":"Bubo Cybersec, la cybers\u00e9curit\u00e9 pour tous","url":"https:\/\/bubo-cybersec.com\/","logo":{"@type":"ImageObject","inLanguage":"en-US","@id":"https:\/\/bubo-cybersec.com\/#\/schema\/logo\/image\/","url":"https:\/\/bubo-cybersec.com\/wp-content\/uploads\/2020\/09\/cropped-Bubo-Cybersec-Sans-fond.png","contentUrl":"https:\/\/bubo-cybersec.com\/wp-content\/uploads\/2020\/09\/cropped-Bubo-Cybersec-Sans-fond.png","width":1256,"height":443,"caption":"Bubo Cybersec, la cybers\u00e9curit\u00e9 pour tous"},"image":{"@id":"https:\/\/bubo-cybersec.com\/#\/schema\/logo\/image\/"},"sameAs":["https:\/\/www.linkedin.com\/company\/bubo-cybersec\/"]}]}},"_links":{"self":[{"href":"https:\/\/bubo-cybersec.com\/en\/wp-json\/wp\/v2\/pages\/6547","targetHints":{"allow":["GET"]}}],"collection":[{"href":"https:\/\/bubo-cybersec.com\/en\/wp-json\/wp\/v2\/pages"}],"about":[{"href":"https:\/\/bubo-cybersec.com\/en\/wp-json\/wp\/v2\/types\/page"}],"author":[{"embeddable":true,"href":"https:\/\/bubo-cybersec.com\/en\/wp-json\/wp\/v2\/users\/1"}],"replies":[{"embeddable":true,"href":"https:\/\/bubo-cybersec.com\/en\/wp-json\/wp\/v2\/comments?post=6547"}],"version-history":[{"count":5,"href":"https:\/\/bubo-cybersec.com\/en\/wp-json\/wp\/v2\/pages\/6547\/revisions"}],"predecessor-version":[{"id":6614,"href":"https:\/\/bubo-cybersec.com\/en\/wp-json\/wp\/v2\/pages\/6547\/revisions\/6614"}],"wp:attachment":[{"href":"https:\/\/bubo-cybersec.com\/en\/wp-json\/wp\/v2\/media?parent=6547"}],"curies":[{"name":"wp","href":"https:\/\/api.w.org\/{rel}","templated":true}]}}